{"id":548,"date":"2025-04-17T08:32:16","date_gmt":"2025-04-17T08:32:16","guid":{"rendered":"https:\/\/ontrain.pl\/wizja\/"},"modified":"2025-05-22T09:33:18","modified_gmt":"2025-05-22T09:33:18","slug":"vision","status":"publish","type":"page","link":"https:\/\/ontrain.pl\/de\/vision\/","title":{"rendered":"Vision"},"content":{"rendered":"<div class=\"wpb-content-wrapper\">[vc_row full_width=&#8220;stretch_row&#8220; content_placement=&#8220;middle&#8220; css_animation=&#8220;fadeIn&#8220; el_class=&#8220;header-main&#8220; css=&#8220;.vc_custom_1745918587472{padding-top: 35px !important;}&#8220; min_height=&#8220;30px&#8220;][vc_column][vc_row_inner][vc_column_inner][vc_custom_heading source=&#8220;post_title&#8220; font_container=&#8220;tag:h2|text_align:left|color:%23127677&#8243; use_theme_fonts=&#8220;yes&#8220; css_animation=&#8220;fadeInLeft&#8220; css=&#8220;&#8220;][\/vc_column_inner][\/vc_row_inner][\/vc_column][\/vc_row][vc_row css_animation=&#8220;fadeIn&#8220; el_class=&#8220;section-01 max-width-column&#8220; el_id=&#8220;misja&#8220;][vc_column][vc_row_inner][vc_column_inner][vc_custom_heading text=&#8220;OnTrain hat es sich zur Aufgabe gemacht, den europ\u00e4ischen Schienenverkehr zu revolutionieren, indem veraltete Schienenfahrzeuge durch Lokomotiven der n\u00e4chsten Generation ersetzt werden, die mehr Leistung, Sicherheit und Nachhaltigkeit bieten.&#8220; font_container=&#8220;tag:h2|text_align:center|color:%23198384&#8243; use_theme_fonts=&#8220;yes&#8220; css_animation=&#8220;fadeInDown&#8220; css=&#8220;&#8220;][vc_custom_heading text=&#8220;Unsere Mission&#8220; font_container=&#8220;tag:h2|text_align:center|color:%23127677&#8243; use_theme_fonts=&#8220;yes&#8220; css_animation=&#8220;fadeInLeft&#8220; css=&#8220;&#8220; el_class=&#8220;center-h2 misja-box&#8220;][vc_column_text css_animation=&#8220;fadeInLeft&#8220; css=&#8220;&#8220; el_class=&#8220;txt-subpage&#8220;]\n<p style=\"text-align: center;\">Wir streben danach, moderne und zuverl\u00e4ssige Lokomotiven zu flexiblen Leasingbedingungen bereitzustellen, um den dynamischen Anforderungen des G\u00fcter- und Personenverkehrsmarktes gerecht zu werden. Durch die Ausstattung unserer Flotte mit modernster Technologie, einschlie\u00dflich des ETCS-Systems, bieten wir unseren Kunden nicht nur Zugang zu effizientem Rollmaterial, sondern unterst\u00fctzen sie auch bei der Erh\u00f6hung der Sicherheitsstandards und der Optimierung der betrieblichen Abl\u00e4ufe. Wir streben danach, f\u00fcr Bahnbetreiber, die ihre Anlagen ohne erhebliche Anfangsinvestitionen modernisieren m\u00f6chten, ein wichtiger Partner zu sein. So k\u00f6nnen diese sich ganz auf ihr Kerngesch\u00e4ft konzentrieren.<\/p>\n[\/vc_column_text][\/vc_column_inner][\/vc_row_inner][\/vc_column][\/vc_row][vc_row full_width=&#8220;stretch_row&#8220; css_animation=&#8220;fadeIn&#8220; el_class=&#8220;wizja-box&#8220; el_id=&#8220;wizja&#8220;][vc_column][vc_row_inner][vc_column_inner][vc_custom_heading text=&#8220;Unsere Vision&#8220; font_container=&#8220;tag:h2|text_align:center|color:%23127677&#8243; use_theme_fonts=&#8220;yes&#8220; css_animation=&#8220;fadeInLeft&#8220; css=&#8220;&#8220; el_class=&#8220;center-h2&#8243;][vc_column_text css_animation=&#8220;fadeInLeft&#8220; css=&#8220;&#8220; el_class=&#8220;txt-subpage&#8220;]\n<p style=\"text-align: center;\">Unsere Vision ist es, durch intelligente und flexible Leasingmodelle f\u00fcr Lokomotiven ein f\u00fchrender Partner bei der Modernisierung des Schienenverkehrs in ganz Europa zu werden. Wir setzen uns daf\u00fcr ein, dass unser Angebot zur optimalen Nutzung der bestehenden Schieneninfrastruktur beitr\u00e4gt, Fahrzeiten verk\u00fcrzt und die Netzkapazit\u00e4t erh\u00f6ht. Wir treiben die nachhaltige Zukunft des europ\u00e4ischen Schienenverkehrs voran \u2013 indem wir ihn umweltfreundlicher und wettbewerbsf\u00e4higer gestalten und zur bevorzugten Alternative zum Stra\u00dfen- und Luftverkehr machen. Wir sind davon \u00fcberzeugt, dass unser flexibler Ansatz und unser Engagement f\u00fcr innovative L\u00f6sungen OnTrain zu einem zentralen Faktor bei der Gestaltung der Zukunft des europ\u00e4ischen Schienenverkehrs machen werden.<\/p>\n[\/vc_column_text][\/vc_column_inner][\/vc_row_inner][\/vc_column][\/vc_row][vc_row css_animation=&#8220;fadeIn&#8220; el_class=&#8220;section-01 max-width-column&#8220; el_id=&#8220;wartosci&#8220;][vc_column][vc_row_inner][vc_column_inner][vc_custom_heading text=&#8220;Unsere Werte&#8220; font_container=&#8220;tag:h2|text_align:center|color:%23127677&#8243; use_theme_fonts=&#8220;yes&#8220; css_animation=&#8220;fadeInLeft&#8220; css=&#8220;&#8220; el_class=&#8220;center-h2&#8243;][\/vc_column_inner][\/vc_row_inner][vc_row_inner gap=&#8220;30&#8243; el_class=&#8220;wartosci-box&#8220;][vc_column_inner width=&#8220;1\/3&#8243;][vc_custom_heading text=&#8220;Innovation&#8220; font_container=&#8220;tag:h4|text_align:center&#8220; use_theme_fonts=&#8220;yes&#8220; css_animation=&#8220;fadeInDown&#8220; css=&#8220;&#8220;][vc_single_image image=&#8220;282&#8243; img_size=&#8220;full&#8220; alignment=&#8220;center&#8220; css_animation=&#8220;fadeInDown&#8220; css=&#8220;&#8220;][vc_column_text css_animation=&#8220;fadeInDown&#8220; css=&#8220;.vc_custom_1747906393382{margin-bottom: 5px !important;}&#8220; el_class=&#8220;txt-subpage&#8220;]\n<p style=\"text-align: center;\">Wir entwickeln uns st\u00e4ndig weiter. Wir arbeiten stetig an der Entwicklung von Spitzentechnologien und intelligenteren L\u00f6sungen, um unseren Kunden einen h\u00f6heren Mehrwert und mehr Zufriedenheit zu bieten.<\/p>\n[\/vc_column_text][\/vc_column_inner][vc_column_inner width=&#8220;1\/3&#8243;][vc_custom_heading text=&#8220;Qualit\u00e4t&#8220; font_container=&#8220;tag:h4|text_align:center&#8220; use_theme_fonts=&#8220;yes&#8220; css_animation=&#8220;fadeInDown&#8220; css=&#8220;&#8220;][vc_single_image image=&#8220;283&#8243; img_size=&#8220;full&#8220; alignment=&#8220;center&#8220; css_animation=&#8220;fadeInDown&#8220; css=&#8220;&#8220;][vc_column_text css_animation=&#8220;fadeInDown&#8220; css=&#8220;.vc_custom_1747906259105{margin-bottom: 5px !important;}&#8220; el_class=&#8220;txt-subpage&#8220;]\n<p style=\"text-align: center;\">Wir stellen unseren Kunden hochwertige Lokomotiven zur Verf\u00fcgung, die h\u00f6chste Sicherheits- und Leistungsstandards erf\u00fcllen \u2013 denn Zuverl\u00e4ssigkeit ist unverzichtbar.<\/p>\n[\/vc_column_text][\/vc_column_inner][vc_column_inner width=&#8220;1\/3&#8243;][vc_custom_heading text=&#8220;Flexibilit\u00e4t&#8220; font_container=&#8220;tag:h4|text_align:center&#8220; use_theme_fonts=&#8220;yes&#8220; css_animation=&#8220;fadeInDown&#8220; css=&#8220;&#8220;][vc_single_image image=&#8220;285&#8243; img_size=&#8220;full&#8220; alignment=&#8220;center&#8220; css_animation=&#8220;fadeInDown&#8220; css=&#8220;&#8220;][vc_column_text css_animation=&#8220;fadeInDown&#8220; css=&#8220;.vc_custom_1747906254804{margin-bottom: 5px !important;}&#8220; el_class=&#8220;txt-subpage&#8220;]\n<p style=\"text-align: center;\">Jeder Kunde ist anders. Deshalb bieten wir ma\u00dfgeschneiderte L\u00f6sungen, die sich an Ihre individuellen Bed\u00fcrfnisse, Ziele und Abl\u00e4ufe anpassen.<\/p>\n[\/vc_column_text][\/vc_column_inner][\/vc_row_inner][vc_row_inner gap=&#8220;30&#8243; el_class=&#8220;wartosci-box&#8220;][vc_column_inner width=&#8220;1\/6&#8243; offset=&#8220;vc_hidden-sm vc_hidden-xs&#8220;][\/vc_column_inner][vc_column_inner width=&#8220;1\/3&#8243;][vc_custom_heading text=&#8220;Professionalit\u00e4t&#8220; font_container=&#8220;tag:h4|text_align:center&#8220; use_theme_fonts=&#8220;yes&#8220; css_animation=&#8220;fadeInDown&#8220; css=&#8220;&#8220;][vc_single_image image=&#8220;281&#8243; img_size=&#8220;full&#8220; alignment=&#8220;center&#8220; css=&#8220;&#8220;][vc_column_text css_animation=&#8220;fadeInDown&#8220; css=&#8220;.vc_custom_1747906241966{margin-bottom: 5px !important;}&#8220; el_class=&#8220;txt-subpage&#8220;]\n<p style=\"text-align: center;\">Unser Expertenteam bringt umfassende Branchenkenntnisse und unerm\u00fcdliches Engagement in jede Partnerschaft ein und bietet Ihnen in jeder Phase erstklassigen Service und Support.<\/p>\n[\/vc_column_text][\/vc_column_inner][vc_column_inner width=&#8220;1\/3&#8243;][vc_custom_heading text=&#8220;Partnerschaft&#8220; font_container=&#8220;tag:h4|text_align:center&#8220; use_theme_fonts=&#8220;yes&#8220; css_animation=&#8220;fadeInDown&#8220; css=&#8220;&#8220;][vc_single_image image=&#8220;284&#8243; img_size=&#8220;full&#8220; alignment=&#8220;center&#8220; css=&#8220;&#8220;][vc_column_text css_animation=&#8220;fadeInDown&#8220; css=&#8220;.vc_custom_1747906248302{margin-bottom: 5px !important;}&#8220; el_class=&#8220;txt-subpage&#8220;]\n<p style=\"text-align: center;\">Wir sind davon \u00fcberzeugt, dass wir nur gemeinsam wachsen k\u00f6nnen. Vertrauen, Transparenz und Zusammenarbeit bilden den Kern jeder unserer langfristig aufgebauten Beziehungen.<\/p>\n[\/vc_column_text][\/vc_column_inner][vc_column_inner width=&#8220;1\/6&#8243; offset=&#8220;vc_hidden-sm vc_hidden-xs&#8220;][\/vc_column_inner][\/vc_row_inner][\/vc_column][\/vc_row]\n<\/div>","protected":false},"excerpt":{"rendered":"<p>[vc_row full_width=&#8220;stretch_row&#8220; content_placement=&#8220;middle&#8220; css_animation=&#8220;fadeIn&#8220; el_class=&#8220;header-main&#8220; css=&#8220;.vc_custom_1745918587472{padding-top: 35px !important;}&#8220; min_height=&#8220;30px&#8220;][vc_column][vc_row_inner][vc_column_inner][vc_custom_heading source=&#8220;post_title&#8220; font_container=&#8220;tag:h2|text_align:left|color:%23127677&#8243; use_theme_fonts=&#8220;yes&#8220; css_animation=&#8220;fadeInLeft&#8220; css=&#8220;&#8220;][\/vc_column_inner][\/vc_row_inner][\/vc_column][\/vc_row][vc_row css_animation=&#8220;fadeIn&#8220; el_class=&#8220;section-01 max-width-column&#8220; el_id=&#8220;misja&#8220;][vc_column][vc_row_inner][vc_column_inner][vc_custom_heading text=&#8220;OnTrain hat es sich zur Aufgabe gemacht, den europ\u00e4ischen Schienenverkehr zu revolutionieren, indem veraltete Schienenfahrzeuge durch Lokomotiven der n\u00e4chsten Generation ersetzt werden, die mehr Leistung, Sicherheit und Nachhaltigkeit bieten.&#8220; font_container=&#8220;tag:h2|text_align:center|color:%23198384&#8243; use_theme_fonts=&#8220;yes&#8220; css_animation=&#8220;fadeInDown&#8220; css=&#8220;&#8220;][vc_custom_heading text=&#8220;Unsere Mission&#8220; font_container=&#8220;tag:h2|text_align:center|color:%23127677&#8243; use_theme_fonts=&#8220;yes&#8220; [&hellip;]<\/p>\n","protected":false},"author":1,"featured_media":0,"parent":0,"menu_order":0,"comment_status":"closed","ping_status":"closed","template":"","meta":{"_acf_changed":false,"footnotes":""},"class_list":["post-548","page","type-page","status-publish","hentry"],"acf":[],"_links":{"self":[{"href":"https:\/\/ontrain.pl\/de\/wp-json\/wp\/v2\/pages\/548","targetHints":{"allow":["GET"]}}],"collection":[{"href":"https:\/\/ontrain.pl\/de\/wp-json\/wp\/v2\/pages"}],"about":[{"href":"https:\/\/ontrain.pl\/de\/wp-json\/wp\/v2\/types\/page"}],"author":[{"embeddable":true,"href":"https:\/\/ontrain.pl\/de\/wp-json\/wp\/v2\/users\/1"}],"replies":[{"embeddable":true,"href":"https:\/\/ontrain.pl\/de\/wp-json\/wp\/v2\/comments?post=548"}],"version-history":[{"count":11,"href":"https:\/\/ontrain.pl\/de\/wp-json\/wp\/v2\/pages\/548\/revisions"}],"predecessor-version":[{"id":655,"href":"https:\/\/ontrain.pl\/de\/wp-json\/wp\/v2\/pages\/548\/revisions\/655"}],"wp:attachment":[{"href":"https:\/\/ontrain.pl\/de\/wp-json\/wp\/v2\/media?parent=548"}],"curies":[{"name":"wp","href":"https:\/\/api.w.org\/{rel}","templated":true}]}}