{"id":550,"date":"2025-04-17T08:31:45","date_gmt":"2025-04-17T08:31:45","guid":{"rendered":"https:\/\/ontrain.pl\/o-nas\/"},"modified":"2025-05-22T09:00:06","modified_gmt":"2025-05-22T09:00:06","slug":"ueber-uns","status":"publish","type":"page","link":"https:\/\/ontrain.pl\/de\/ueber-uns\/","title":{"rendered":"\u00dcber uns"},"content":{"rendered":"<div class=\"wpb-content-wrapper\">[vc_row full_width=&#8220;stretch_row&#8220; content_placement=&#8220;middle&#8220; css_animation=&#8220;fadeIn&#8220; el_class=&#8220;header-main&#8220; css=&#8220;.vc_custom_1745918587472{padding-top: 35px !important;}&#8220; min_height=&#8220;30px&#8220;][vc_column][vc_row_inner][vc_column_inner][vc_custom_heading source=&#8220;post_title&#8220; font_container=&#8220;tag:h2|text_align:left|color:%23127677&#8243; use_theme_fonts=&#8220;yes&#8220; css_animation=&#8220;fadeInLeft&#8220; css=&#8220;&#8220;][\/vc_column_inner][\/vc_row_inner][\/vc_column][\/vc_row][vc_row css_animation=&#8220;fadeIn&#8220; el_class=&#8220;section-01 max-width-column&#8220;][vc_column][vc_row_inner][vc_column_inner][vc_custom_heading text=&#8220;OnTrain ist eine neu entwickelte Plattform f\u00fcr das Leasing von Lokomotiven der n\u00e4chsten Generation, die auf die dynamischen und sich rasch ver\u00e4ndernden Anforderungen des europ\u00e4ischen Schienenverkehrsmarktes zugeschnitten ist.&#8220; font_container=&#8220;tag:h2|text_align:center|color:%23198384&#8243; use_theme_fonts=&#8220;yes&#8220; css_animation=&#8220;none&#8220; css=&#8220;&#8220;][vc_column_text css=&#8220;&#8220; el_class=&#8220;txt-subpage&#8220;]\n<p style=\"text-align: center;\">Flexibilit\u00e4t macht von Beginn an den Kern des Unternehmens OnTrain aus, das moderne Lokomotiven \u00fcber ma\u00dfgeschneiderte Leasingmodelle bereitstellt, die den Anforderungen von G\u00fcter- und Personenverkehrsunternehmen auf dem gesamten Kontinent gerecht werden. Wir sind uns der dringenden Notwendigkeit bewusst, die europ\u00e4ische Schieneninfrastruktur zu modernisieren, insbesondere in Polen, wo das Durchschnittsalter der Lokomotiven das westeurop\u00e4ischer L\u00e4nder deutlich \u00fcbersteigt. Die Plattform wurde entwickelt, um diese Herausforderung direkt anzugehen und Bahnbetreibern einen unkomplizierten und kosteng\u00fcnstigen Zugang zu hochmodernen Lokomotiven zu bieten, die den h\u00f6chsten Industriestandards entsprechen.<\/p>\n[\/vc_column_text][vc_btn title=&#8220;Siehe das Angebot&#8220; style=&#8220;outline&#8220; shape=&#8220;round&#8220; color=&#8220;green&#8220; align=&#8220;center&#8220; css=&#8220;&#8220; link=&#8220;url:https%3A%2F%2Fontrain.pl%2Fde%2Fflotte%2F|title:Flotte&#8220;][\/vc_column_inner][\/vc_row_inner][\/vc_column][\/vc_row][vc_row full_width=&#8220;stretch_row&#8220; css_animation=&#8220;fadeIn&#8220; el_class=&#8220;zarzad-box&#8220; el_id=&#8220;zarzad&#8220;][vc_column][vc_row_inner][vc_column_inner][vc_custom_heading text=&#8220;Gesch\u00e4ftsf\u00fchrung&#8220; font_container=&#8220;tag:h2|text_align:center|color:%23127677&#8243; use_theme_fonts=&#8220;yes&#8220; css_animation=&#8220;fadeInLeft&#8220; css=&#8220;&#8220; el_class=&#8220;center-h2&#8243;][\/vc_column_inner][\/vc_row_inner][vc_row_inner gap=&#8220;30&#8243;][vc_column_inner el_class=&#8220;zarzad-box-frame&#8220; width=&#8220;1\/2&#8243;][vc_single_image image=&#8220;542&#8243; img_size=&#8220;&#8220; alignment=&#8220;center&#8220; css=&#8220;&#8220; el_class=&#8220;zarzad-img&#8220;][vc_custom_heading text=&#8220;Piotr Ignasiak&#8220; font_container=&#8220;tag:h4|text_align:left&#8220; use_theme_fonts=&#8220;yes&#8220; css=&#8220;&#8220;][vc_custom_heading text=&#8220;Vorsitzender des Vorstands&#8220; font_container=&#8220;tag:h5|text_align:left&#8220; use_theme_fonts=&#8220;yes&#8220; css=&#8220;&#8220;][vc_column_text css=&#8220;&#8220;]\n<p style=\"text-align: justify;\">Piotr Ignasiak ist Vorstandsvorsitzender von OnTrain, einem strategischen Partner von Eurolok S.A.R.L, dem Eigent\u00fcmer der OnTrain-Plattform. Er ist ein erfolgreicher Unternehmer und Investor mit umfassender Branchenerfahrung, insbesondere im Schienenverkehr. Seit dem Jahr 2000 ist in polnischen und europ\u00e4ischen Unternehmen t\u00e4tig.<\/p>\n[\/vc_column_text][vc_btn title=&#8220;Mehr lesen&#8220; style=&#8220;outline&#8220; shape=&#8220;round&#8220; color=&#8220;green&#8220; align=&#8220;right&#8220; css=&#8220;&#8220; link=&#8220;url:%23modal1&#8243; el_class=&#8220;open-modal&#8220;][\/vc_column_inner][vc_column_inner el_class=&#8220;zarzad-box-frame&#8220; width=&#8220;1\/2&#8243;][vc_single_image image=&#8220;544&#8243; img_size=&#8220;&#8220; alignment=&#8220;center&#8220; css=&#8220;&#8220; el_class=&#8220;zarzad-img&#8220;][vc_custom_heading text=&#8220;Grzegorz Jab\u0142o\u0144ski&#8220; font_container=&#8220;tag:h4|text_align:left&#8220; use_theme_fonts=&#8220;yes&#8220; css=&#8220;&#8220;][vc_custom_heading text=&#8220;Mitglied des Vorstands&#8220; font_container=&#8220;tag:h5|text_align:left&#8220; use_theme_fonts=&#8220;yes&#8220; css=&#8220;&#8220;][vc_column_text css=&#8220;&#8220;]\n<p style=\"text-align: justify;\">Absolvent der Warsaw School of Economics (SGH) mit Abschl\u00fcssen in Finanz- und Bankwesen sowie Management und Marketing. Als erfahrener Finanzexperte bringt er umfassende Erfahrung aus weltweit t\u00e4tigen Unternehmen verschiedener Branchen mit, darunter Telekommunikation, \u00d6lraffinierung, Aluminiumverpackungen, Vertrieb und Bauchemikalien.<\/p>\n[\/vc_column_text][vc_btn title=&#8220;Mehr lesen&#8220; style=&#8220;outline&#8220; shape=&#8220;round&#8220; color=&#8220;green&#8220; align=&#8220;right&#8220; css=&#8220;&#8220; link=&#8220;url:%23modal2&#8243; el_class=&#8220;open-modal&#8220;][\/vc_column_inner][\/vc_row_inner][\/vc_column][\/vc_row][vc_row css_animation=&#8220;fadeIn&#8220; el_class=&#8220;section-01 max-width-column&#8220; el_id=&#8220;inwestorzy&#8220;][vc_column][vc_row_inner][vc_column_inner][vc_custom_heading text=&#8220;Investoren&#8220; font_container=&#8220;tag:h2|text_align:center|color:%23127677&#8243; use_theme_fonts=&#8220;yes&#8220; css_animation=&#8220;fadeInLeft&#8220; css=&#8220;&#8220; el_class=&#8220;center-h2&#8243;][vc_column_text css=&#8220;&#8220; el_class=&#8220;txt-subpage&#8220;]\n<p style=\"text-align: center;\">OnTrain wird von f\u00fchrenden Investoren unterst\u00fctzt. Das Wachstum und die Innovationskraft von OnTrain werden durch die Beharrlichkeit finanzstarker Investoren vorangetrieben, die sich unter der gemeinsamen Investitionsplattform Eurolok S.\u00e0.r.l. zusammengeschlossen haben. Diese solide finanzielle Basis erm\u00f6glicht uns eine schnelle und sichere Expansion in den europ\u00e4ischen M\u00e4rkten.<\/p>\n[\/vc_column_text][\/vc_column_inner][\/vc_row_inner][vc_row_inner content_placement=&#8220;middle&#8220; el_class=&#8220;inwestor&#8220;][vc_column_inner width=&#8220;1\/3&#8243;][vc_single_image image=&#8220;267&#8243; img_size=&#8220;full&#8220; alignment=&#8220;center&#8220; css_animation=&#8220;fadeInLeft&#8220; css=&#8220;&#8220;][\/vc_column_inner][vc_column_inner width=&#8220;2\/3&#8243;][vc_custom_heading text=&#8220;Griffin Capital Partners&#8220; font_container=&#8220;tag:h4|text_align:left&#8220; use_theme_fonts=&#8220;yes&#8220; css=&#8220;&#8220;][vc_column_text css=&#8220;&#8220; el_class=&#8220;txt-subpage&#8220;]\n<p style=\"text-align: justify;\">Einer unserer Hauptinvestoren, Griffin Capital Partners, ist die in ganz Mittel- und Osteuropa, Deutschland und anderen ausgew\u00e4hlten EU-L\u00e4ndern gr\u00f6\u00dfte, aktivste und innovativste Private-Equity- und Immobilienmanagement-Gesellschaft. Mit Hauptsitz in Polen und Deutschland ist Griffin Capital Partners daf\u00fcr bekannt, die Zukunft von Immobilien und Private Equity durch mutige, zukunftsorientierte Investitionsstrategien in Mittel- und Osteuropa zu gestalten. Der Fonds hat in der Vergangenheit zahlreiche innovative Konzepte und Formate zur Marktreife gebracht und sich zu einem anerkannten Branchenf\u00fchrer im Bereich Private Equity und Immobilien entwickelt. Mit seiner umfassenden Branchenkenntnis und globalen Perspektive bietet Griffin Capital Partners strategische Unterst\u00fctzung f\u00fcr internationale Investoren, die nach vielversprechenden Anlagem\u00f6glichkeiten in Mittel- und Osteuropa, Deutschland und dar\u00fcber hinaus suchen. Seine langj\u00e4hrige Erfahrung in der Verm\u00f6gensverwaltung erstreckt sich sowohl auf den europ\u00e4ischen als auch auf den US-amerikanischen Markt und macht ihn zu einer vertrauensw\u00fcrdigen Adresse f\u00fcr globale Investitionen.<\/p>\n[\/vc_column_text][\/vc_column_inner][\/vc_row_inner][vc_row_inner content_placement=&#8220;middle&#8220; el_class=&#8220;inwestor&#8220;][vc_column_inner width=&#8220;1\/3&#8243;][vc_single_image image=&#8220;268&#8243; img_size=&#8220;full&#8220; alignment=&#8220;center&#8220; css_animation=&#8220;fadeInLeft&#8220; css=&#8220;&#8220;][\/vc_column_inner][vc_column_inner width=&#8220;2\/3&#8243;][vc_custom_heading text=&#8220;Marguerite&#8220; font_container=&#8220;tag:h4|text_align:left&#8220; use_theme_fonts=&#8220;yes&#8220; css=&#8220;&#8220;][vc_column_text css=&#8220;&#8220; el_class=&#8220;txt-subpage&#8220;]\n<p style=\"text-align: justify;\">Marguerite wurde 2010 mit starker Unterst\u00fctzung durch Finanzinstitute aus ganz Europa gegr\u00fcndet und hat sich zu einem f\u00fchrenden, wertorientierten Investmentmanagement-Anbieter mit Sitz in Luxemburg und Paris entwickelt. Marguerite ist auf kapitalintensive Sektoren wie Energie und erneuerbare Energien, digitale Transformation, Abfall- und Wasserwirtschaft sowie Transport spezialisiert und verwaltet ein Portfolio von vier gro\u00dfen europ\u00e4ischen Infrastrukturfonds, darunter die j\u00fcngste Initiative \u2013 Marguerite III. Mit bisher \u00fcber 2 Milliarden Euro investiertem Kapital spielt Marguerite eine zentrale Rolle bei der Neugestaltung der europ\u00e4ischen Infrastrukturlandschaft. Durch die Verankerung von ESG-Prinzipien im Kern seiner Strategie f\u00f6rdert Marguerite nicht nur die nachhaltige Entwicklung, sondern schafft auch einen langfristigen Mehrwert sowie positive Auswirkungen f\u00fcr die Gesellschaft auf dem gesamten europ\u00e4ischen Kontinent.<\/p>\n<p>Marguerite III profitiert dabei von der strategischen Unterst\u00fctzung durch die Europ\u00e4ische Union im Rahmen des InvestEU-Fonds.<\/p>\n[\/vc_column_text][\/vc_column_inner][\/vc_row_inner][vc_row_inner content_placement=&#8220;middle&#8220; el_class=&#8220;inwestor&#8220;][vc_column_inner width=&#8220;1\/3&#8243;][vc_single_image image=&#8220;269&#8243; img_size=&#8220;full&#8220; alignment=&#8220;center&#8220; css_animation=&#8220;fadeInLeft&#8220; css=&#8220;&#8220;][\/vc_column_inner][vc_column_inner width=&#8220;2\/3&#8243;][vc_custom_heading text=&#8220;WBW Invest&#8220; font_container=&#8220;tag:h4|text_align:left&#8220; use_theme_fonts=&#8220;yes&#8220; css=&#8220;&#8220;][vc_column_text css=&#8220;&#8220; el_class=&#8220;txt-subpage&#8220;]\n<p style=\"text-align: justify;\">WBW Invest ist ein hochspezialisierter Investor mit fundierter Expertise im Schienenverkehrssektor. Dank langj\u00e4hriger praktischer Erfahrung und einem tiefen Verst\u00e4ndnis der Komplexit\u00e4t der Branche ist das Unternehmen bestens aufgestellt, um das gesamte Potenzial des Schienenverkehrsmarktes zu erschlie\u00dfen. Das Unternehmen steuert strategische Beratung und Branchenexpertise bei, die f\u00fcr die Entwicklung innovativer L\u00f6sungen im Projekt von entscheidender Bedeutung sind. Aufbauend auf einer Entwicklung, die bis zur Liberalisierung des polnischen Schienenverkehrs im Jahr 2003 zur\u00fcckreicht, geh\u00f6rten die Gr\u00fcnder von WBW Invest zu den Ersten, die die sich bietenden Chancen in der Region erkannt und genutzt haben. Seitdem hat das Unternehmen erfolgreich eine Reihe strategischer Projekte in den Bereichen Logistik, Schienenverkehr und Leasing von Rollmaterial entwickelt und ins Leben gerufen \u2013 darunter eines der gr\u00f6\u00dften Leasingunternehmen f\u00fcr Rollmaterial in Mittel- und Osteuropa.<\/p>\n<p style=\"text-align: justify;\">Das Unternehmen hat erfolgreich Projekte in den Bereichen Logistik, Schienenverkehr und Leasing von Rollmaterial umgesetzt, darunter die Gr\u00fcndung eines der gr\u00f6\u00dften Leasingunternehmen f\u00fcr Rollmaterial in Mittel- und Osteuropa.<\/p>\n[\/vc_column_text][\/vc_column_inner][\/vc_row_inner][vc_raw_html css=&#8220;&#8220;]JTNDJTIxLS0lMjBNb2RhbCUyMDElMjAtLSUzRSUwQSUzQ2RpdiUyMGlkJTNEJTIybW9kYWwxJTIyJTIwY2xhc3MlM0QlMjJtb2RhbC1vdmVybGF5JTIyJTNFJTBBJTIwJTIwJTNDZGl2JTIwY2xhc3MlM0QlMjJtb2RhbC1jb250ZW50JTIyJTNFJTBBJTIwJTIwJTIwJTIwJTNDYnV0dG9uJTIwY2xhc3MlM0QlMjJtb2RhbC1jbG9zZSUyMiUzRSUyNnRpbWVzJTNCJTNDJTJGYnV0dG9uJTNFJTBBJTIwJTIwJTIwJTIwJTNDaDIlM0VQaW90ciUyMElnbmFzaWFrJTNDJTJGaDIlM0UlMEElMjAlMjAlMjAlMjAlM0NwJTNFJTBBJTIwJTIwJTIwJTIwJTIwJTIwVm9yc2l0emVuZGVyJTIwZGVzJTIwVm9yc3RhbmRzJTIwLSUyMFBpb3RyJTIwSWduYXNpYWslMjBpc3QlMjBWb3JzdGFuZHN2b3JzaXR6ZW5kZXIlMjB2b24lMjBPblRyYWluJTJDJTIwZWluZW0lMjBzdHJhdGVnaXNjaGVuJTIwUGFydG5lciUyMHZvbiUyMEV1cm9sb2slMjBTLkEuUi5MJTJDJTIwZGVtJTIwRWlnZW50JUMzJUJDbWVyJTIwZGVyJTIwT25UcmFpbi1QbGF0dGZvcm0uJTIwRXIlMjBpc3QlMjBlaW4lMjBlcmZvbGdyZWljaGVyJTIwVW50ZXJuZWhtZXIlMjB1bmQlMjBJbnZlc3RvciUyMG1pdCUyMHVtZmFzc2VuZGVyJTIwQnJhbmNoZW5lcmZhaHJ1bmclMkMlMjBpbnNiZXNvbmRlcmUlMjBpbSUyMFNjaGllbmVudmVya2Voci4lMjAlMjBTZWl0JTIwZGVtJTIwSmFociUyMDIwMDAlMjBpc3QlMjBpbiUyMHBvbG5pc2NoZW4lMjB1bmQlMjBldXJvcCVDMyVBNGlzY2hlbiUyMFVudGVybmVobWVuJTIwdCVDMyVBNHRpZy4lMjBFciUyMGlzdCUyME1pdGJlZ3IlQzMlQkNuZGVyJTIwdW5kJTIwUGFydG5lciUyMHVuZCUyMHdhciUyQyUyMHZvbiUyMDIwMDElMjBiaXMlMjAyMDE5JTJDJTIwVm9yc3RhbmRzdm9yc2l0emVuZGVyJTIwdW5kJTIwc3AlQzMlQTR0ZXIlMjBNaXRnbGllZCUyMGRlcyUyMEF1ZnNpY2h0c3JhdHMlMjB2b24lMjBDYXJnb3VuaXQlMjBTcC4lMjB6JTIwby5vLiUyMEF1JUMzJTlGZXJkZW0lMjB3YXIlMjBlciUyME1pdGJlZ3IlQzMlQkNuZGVyJTIwdW5kJTIwR2VzY2glQzMlQTRmdHNmJUMzJUJDaHJlciUyMGRlciUyMFNUSyUyMFMuQS4lMkMlMjBlaW5lciUyMHByaXZhdGVuJTIwQmFobmdlc2VsbHNjaGFmdCUyQyUyMHVuZCUyMGVyJTIwZiVDMyVCQ2xsdGUlMjB2b24lMjAyMDAxJTIwYmlzJTIwMjAxNiUyMGRpZSUyMEZ1bmt0aW9uJTIwZWluZXMlMjBHZXNlbGxzY2hhZnRlcnMlMjBkZXIlMjBCYWx0aWMlMjBSYWlsd2F5JTIwUy5BLiUyMGF1cy4lMjBWb24lMjAyMDAxJTIwYmlzJTIwMjAxNiUyMHdhciUyMGVyJTIwR2VzZWxsc2NoYWZ0ZXIlMjBkZXIlMjBCYWx0aWMlMjBSYWlsd2F5JTIwUy5BLiUyQyUyMGVpbmVzJTIwcHJpdmF0ZW4lMjBFaXNlbmJhaG51bnRlcm5laG1lbnMlMjBhdXMlMjBTdGV0dGluLiUyMFNlaW4lMjBFbmdhZ2VtZW50JTIwZXJzdHJlY2t0JTIwc2ljaCUyMHVudGVyJTIwYW5kZXJlbSUyMGF1ZiUyMFVudGVybmVobWVuJTIwd2llJTIwQVRDJTIwQ2FyZ28lMkMlMjBMb2NvbmklMjBJbnRlcm1vZGFsJTIwUy5BLiUyQyUyME9UJTIwTG9naXN0aWNzJTIwdW5kJTIwUmVtb3IlMjBTb2xhciUyMFMuQS4lMjBQaW90ciUyMElnbmFzaWFrJTIwaW52ZXN0aWVydCUyMGFrdGl2JTIwbmljaHQlMjBudXIlMjBpbiUyMGRpZSUyMEVpc2VuYmFobmluZHVzdHJpZSUyQyUyMHNvbmRlcm4lMjBhdWNoJTIwaW4lMjBkaWUlMjBCYXUtJTJDJTIwSW1tb2JpbGllbi0lMkMlMjBHYXN0Z2V3ZXJiZS0lMkMlMjBCaW90ZWNobm9sb2dpZS0lMjB1bmQlMjBNZWRpemluYnJhbmNoZS4lMjBFciUyMGVuZ2FnaWVydCUyMHNpY2glMjBzdGFyayUyMGYlQzMlQkNyJTIwc296aWFsZSUyMEluaXRpYXRpdmVuJTIwdW5kJTIwZiVDMyVCNnJkZXJ0JTIwZGllJTIwc3BvcnRsaWNoZSUyMEVudHdpY2tsdW5nJTJDJTIwaW5zYmVzb25kZXJlJTIwZiVDMyVCQ3IlMjBLaW5kZXIlMjB1bmQlMjBKdWdlbmRsaWNoZS4lMjBadWRlbSUyMGlzdCUyMGVyJTIwaW0lMjBNb3RvcnNwb3J0JTIwYWt0aXYuJTIwRXIlMjBpc3QlMjBtaXQlMjBzZWluZXIlMjBGcmF1JTIwTWFnZGFsZW5hJTIwdmVyaGVpcmF0ZXQlMjB1bmQlMjBWYXRlciUyMGVpbmVyJTIwVG9jaHRlciUyQyUyME1hbHdpbmEuJTIwRXIlMjBiZWdlaXN0ZXJ0JTIwc2ljaCUyMGYlQzMlQkNyJTIwQXV0b3MlMkMlMjBSZWlzZW4lMkMlMjBLdW5zdCUyMHVuZCUyMFNwb3J0LiUwQSUyMCUyMCUyMCUyMCUzQyUyRnAlM0UlMEElMjAlMjAlMjAlMjAlMEElMjAlMjAlM0MlMkZkaXYlM0UlMEElM0MlMkZkaXYlM0UlMEElMEElM0MlMjEtLSUyME1vZGFsJTIwMiUyMC0tJTNFJTBBJTNDZGl2JTIwaWQlM0QlMjJtb2RhbDIlMjIlMjBjbGFzcyUzRCUyMm1vZGFsLW92ZXJsYXklMjIlM0UlMEElMjAlMjAlM0NkaXYlMjBjbGFzcyUzRCUyMm1vZGFsLWNvbnRlbnQlMjIlM0UlMEElMjAlMjAlMjAlMjAlM0NidXR0b24lMjBjbGFzcyUzRCUyMm1vZGFsLWNsb3NlJTIyJTNFJTI2dGltZXMlM0IlM0MlMkZidXR0b24lM0UlMEElMjAlMjAlMjAlMjAlM0NoMiUzRUdyemVnb3J6JTIwSmFiJUM1JTgybyVDNSU4NHNraSUzQyUyRmgyJTNFJTBBJTIwJTIwJTIwJTIwJTNDcCUzRSUwQSUyMCUyMCUyMCUyMCUyME1pdGdsaWVkJTIwZGVzJTIwVm9yc3RhbmRzJTIwLSUyMEFic29sdmVudCUyMGRlciUyMFdhcnNhdyUyMFNjaG9vbCUyMG9mJTIwRWNvbm9taWNzJTIwJTI4U0dIJTI5JTIwbWl0JTIwQWJzY2hsJUMzJUJDc3NlbiUyMGluJTIwRmluYW56LSUyMHVuZCUyMEJhbmt3ZXNlbiUyMHNvd2llJTIwTWFuYWdlbWVudCUyMHVuZCUyME1hcmtldGluZy4lMjBBbHMlMjBlcmZhaHJlbmVyJTIwRmluYW56ZXhwZXJ0ZSUyMGJyaW5ndCUyMGVyJTIwdW1mYXNzZW5kZSUyMEVyZmFocnVuZyUyMGF1cyUyMHdlbHR3ZWl0JTIwdCVDMyVBNHRpZ2VuJTIwVW50ZXJuZWhtZW4lMjB2ZXJzY2hpZWRlbmVyJTIwQnJhbmNoZW4lMjBtaXQlMkMlMjBkYXJ1bnRlciUyMFRlbGVrb21tdW5pa2F0aW9uJTJDJTIwJUMzJTk2bHJhZmZpbmllcnVuZyUyQyUyMEFsdW1pbml1bXZlcnBhY2t1bmdlbiUyQyUyMFZlcnRyaWViJTIwdW5kJTIwQmF1Y2hlbWlrYWxpZW4uJTIwSW0lMjBMYXVmZSUyMHNlaW5lciUyMEthcnJpZXJlJTIwZXJ3YXJiJTIwZXIlMjB1bWZhc3NlbmRlJTIwRXhwZXJ0aXNlJTIwaW4lMjBkZW4lMjBCZXJlaWNoZW4lMjBJbnZlc3RpdGlvbnNwbGFudW5nJTIwdW5kJTIwLWNvbnRyb2xsaW5nJTJDJTIwTWFya3RyaXNpa29tYW5hZ2VtZW50JTIwdW5kJTIwU3RydWt0dXJpZXJ1bmclMjB2b24lMjBGaW5hbnppZXJ1bmdzbCVDMyVCNnN1bmdlbi4lMjBTZWluZSUyMGJlcnVmbGljaGVuJTIwU3RhdGlvbmVuJTIwdW1mYXNzZW4lMjBQcm9kdWt0aW9ucy0lMjB1bmQlMjBWZXJ0cmllYnN1bnRlcm5laG1lbiUyMGluJTIwUG9sZW4lMkMlMjBSdXNzbGFuZCUyQyUyMGRlbiUyMFVTQSUyQyUyME1leGlrbyUyMHVuZCUyMEtvbHVtYmllbiUyQyUyMHdvZHVyY2glMjBlciUyMGVpbmUlMjBicmVpdGUlMjBpbnRlcm5hdGlvbmFsZSUyMFBlcnNwZWt0aXZlJTIwYW5uZWhtZW4lMjBrYW5uLiUwQSUyMCUyMCUyMCUyMCUzQyUyRnAlM0UlMEElMjAlMjAlM0MlMkZkaXYlM0UlMEElM0MlMkZkaXYlM0U=[\/vc_raw_html][\/vc_column][\/vc_row]\n<\/div>","protected":false},"excerpt":{"rendered":"<p>[vc_row full_width=&#8220;stretch_row&#8220; content_placement=&#8220;middle&#8220; css_animation=&#8220;fadeIn&#8220; el_class=&#8220;header-main&#8220; css=&#8220;.vc_custom_1745918587472{padding-top: 35px !important;}&#8220; min_height=&#8220;30px&#8220;][vc_column][vc_row_inner][vc_column_inner][vc_custom_heading source=&#8220;post_title&#8220; font_container=&#8220;tag:h2|text_align:left|color:%23127677&#8243; use_theme_fonts=&#8220;yes&#8220; css_animation=&#8220;fadeInLeft&#8220; css=&#8220;&#8220;][\/vc_column_inner][\/vc_row_inner][\/vc_column][\/vc_row][vc_row css_animation=&#8220;fadeIn&#8220; el_class=&#8220;section-01 max-width-column&#8220;][vc_column][vc_row_inner][vc_column_inner][vc_custom_heading text=&#8220;OnTrain ist eine neu entwickelte Plattform f\u00fcr das Leasing von Lokomotiven der n\u00e4chsten Generation, die auf die dynamischen und sich rasch ver\u00e4ndernden Anforderungen des europ\u00e4ischen Schienenverkehrsmarktes zugeschnitten ist.&#8220; font_container=&#8220;tag:h2|text_align:center|color:%23198384&#8243; use_theme_fonts=&#8220;yes&#8220; css_animation=&#8220;none&#8220; css=&#8220;&#8220;][vc_column_text css=&#8220;&#8220; el_class=&#8220;txt-subpage&#8220;] Flexibilit\u00e4t macht von Beginn [&hellip;]<\/p>\n","protected":false},"author":1,"featured_media":0,"parent":0,"menu_order":0,"comment_status":"closed","ping_status":"closed","template":"","meta":{"_acf_changed":false,"footnotes":""},"class_list":["post-550","page","type-page","status-publish","hentry"],"acf":[],"_links":{"self":[{"href":"https:\/\/ontrain.pl\/de\/wp-json\/wp\/v2\/pages\/550","targetHints":{"allow":["GET"]}}],"collection":[{"href":"https:\/\/ontrain.pl\/de\/wp-json\/wp\/v2\/pages"}],"about":[{"href":"https:\/\/ontrain.pl\/de\/wp-json\/wp\/v2\/types\/page"}],"author":[{"embeddable":true,"href":"https:\/\/ontrain.pl\/de\/wp-json\/wp\/v2\/users\/1"}],"replies":[{"embeddable":true,"href":"https:\/\/ontrain.pl\/de\/wp-json\/wp\/v2\/comments?post=550"}],"version-history":[{"count":6,"href":"https:\/\/ontrain.pl\/de\/wp-json\/wp\/v2\/pages\/550\/revisions"}],"predecessor-version":[{"id":647,"href":"https:\/\/ontrain.pl\/de\/wp-json\/wp\/v2\/pages\/550\/revisions\/647"}],"wp:attachment":[{"href":"https:\/\/ontrain.pl\/de\/wp-json\/wp\/v2\/media?parent=550"}],"curies":[{"name":"wp","href":"https:\/\/api.w.org\/{rel}","templated":true}]}}