{"id":715,"date":"2026-03-24T08:58:09","date_gmt":"2026-03-24T08:58:09","guid":{"rendered":"https:\/\/ontrain.pl\/certyfikaty\/"},"modified":"2026-03-25T09:25:41","modified_gmt":"2026-03-25T09:25:41","slug":"zertifikate","status":"publish","type":"page","link":"https:\/\/ontrain.pl\/de\/zertifikate\/","title":{"rendered":"Zertifikate"},"content":{"rendered":"<div class=\"wpb-content-wrapper\">[vc_row full_width=&#8220;stretch_row&#8220; content_placement=&#8220;middle&#8220; css_animation=&#8220;fadeIn&#8220; el_class=&#8220;header-main&#8220; css=&#8220;.vc_custom_1745918587472{padding-top: 35px !important;}&#8220; min_height=&#8220;30px&#8220;][vc_column][vc_row_inner][vc_column_inner][vc_custom_heading source=&#8220;post_title&#8220; font_container=&#8220;tag:h2|text_align:left|color:%23127677&#8243; use_theme_fonts=&#8220;yes&#8220; css_animation=&#8220;fadeInLeft&#8220; css=&#8220;&#8220;][\/vc_column_inner][\/vc_row_inner][\/vc_column][\/vc_row][vc_row css_animation=&#8220;fadeIn&#8220; el_class=&#8220;section-01 max-width-column&#8220;][vc_column][vc_row_inner][vc_column_inner][vc_custom_heading text=&#8220;OnTrain-Zertifikate sind weit mehr als nur eine Formalit\u00e4t \u2013 sie stehen f\u00fcr h\u00f6chste Sicherheit und maximale Zuverl\u00e4ssigkeit.&#8220; font_container=&#8220;tag:h2|text_align:center|color:%23198384&#8243; use_theme_fonts=&#8220;yes&#8220; css_animation=&#8220;fadeInDown&#8220; css=&#8220;&#8220;][vc_column_text css_animation=&#8220;fadeInLeft&#8220; css=&#8220;&#8220; el_class=&#8220;txt-subpage&#8220;]\n<p style=\"text-align: center;\">Unsere klar definierten Qualit\u00e4tsstandards sorgen daf\u00fcr, dass alle operativen Prozesse effizient und kontrolliert ablaufen. So reduzieren wir Risiken und steigern nachhaltig die Leistungsf\u00e4higkeit. Das Ergebnis: ein sp\u00fcrbarer Mehrwert f\u00fcr unsere Kunden.<\/p>\n[\/vc_column_text][\/vc_column_inner][\/vc_row_inner][vc_row_inner gap=&#8220;30&#8243; el_class=&#8220;certyfikaty-box&#8220;][vc_column_inner el_class=&#8220;certyfikat&#8220; width=&#8220;1\/2&#8243;][vc_custom_heading text=&#8220;ECM-Zertifikat&#8220; font_container=&#8220;tag:h4|text_align:center&#8220; use_theme_fonts=&#8220;yes&#8220; css_animation=&#8220;fadeInDown&#8220; css=&#8220;&#8220;][vc_single_image image=&#8220;283&#8243; img_size=&#8220;full&#8220; alignment=&#8220;center&#8220; css_animation=&#8220;fadeInDown&#8220; css=&#8220;&#8220;][vc_btn title=&#8220;Siehe das Zertifikat&#8220; style=&#8220;flat&#8220; shape=&#8220;round&#8220; color=&#8220;success&#8220; align=&#8220;center&#8220; css=&#8220;&#8220; link=&#8220;url:https%3A%2F%2Fontrain.pl%2Fwp-content%2Fuploads%2F2026%2F03%2FCertyfikat_ECM.pdf|title:Certyfikat%20ECM|target:_blank&#8220;][\/vc_column_inner][vc_column_inner el_class=&#8220;certyfikat&#8220; width=&#8220;1\/2&#8243;][vc_custom_heading text=&#8220;Instandhaltungspolitik&#8220; font_container=&#8220;tag:h4|text_align:center&#8220; use_theme_fonts=&#8220;yes&#8220; css_animation=&#8220;fadeInDown&#8220; css=&#8220;&#8220;][vc_single_image image=&#8220;283&#8243; img_size=&#8220;full&#8220; alignment=&#8220;center&#8220; css_animation=&#8220;fadeInDown&#8220; css=&#8220;&#8220;][vc_btn title=&#8220;Siehe das Zertifikat&#8220; style=&#8220;flat&#8220; shape=&#8220;round&#8220; color=&#8220;success&#8220; align=&#8220;center&#8220; css=&#8220;&#8220; link=&#8220;url:https%3A%2F%2Fontrain.pl%2Fwp-content%2Fuploads%2F2026%2F03%2FPolityka_utrzymania.pdf|title:Polityka%20utrzymania|target:_blank&#8220;][\/vc_column_inner][\/vc_row_inner][\/vc_column][\/vc_row]\n<\/div>","protected":false},"excerpt":{"rendered":"<p>[vc_row full_width=&#8220;stretch_row&#8220; content_placement=&#8220;middle&#8220; css_animation=&#8220;fadeIn&#8220; el_class=&#8220;header-main&#8220; css=&#8220;.vc_custom_1745918587472{padding-top: 35px !important;}&#8220; min_height=&#8220;30px&#8220;][vc_column][vc_row_inner][vc_column_inner][vc_custom_heading source=&#8220;post_title&#8220; font_container=&#8220;tag:h2|text_align:left|color:%23127677&#8243; use_theme_fonts=&#8220;yes&#8220; css_animation=&#8220;fadeInLeft&#8220; css=&#8220;&#8220;][\/vc_column_inner][\/vc_row_inner][\/vc_column][\/vc_row][vc_row css_animation=&#8220;fadeIn&#8220; el_class=&#8220;section-01 max-width-column&#8220;][vc_column][vc_row_inner][vc_column_inner][vc_custom_heading text=&#8220;OnTrain-Zertifikate sind weit mehr als nur eine Formalit\u00e4t \u2013 sie stehen f\u00fcr h\u00f6chste Sicherheit und maximale Zuverl\u00e4ssigkeit.&#8220; font_container=&#8220;tag:h2|text_align:center|color:%23198384&#8243; use_theme_fonts=&#8220;yes&#8220; css_animation=&#8220;fadeInDown&#8220; css=&#8220;&#8220;][vc_column_text css_animation=&#8220;fadeInLeft&#8220; css=&#8220;&#8220; el_class=&#8220;txt-subpage&#8220;] Unsere klar definierten Qualit\u00e4tsstandards sorgen daf\u00fcr, dass alle operativen Prozesse effizient und kontrolliert ablaufen. [&hellip;]<\/p>\n","protected":false},"author":1,"featured_media":0,"parent":0,"menu_order":0,"comment_status":"closed","ping_status":"closed","template":"","meta":{"_acf_changed":false,"footnotes":""},"class_list":["post-715","page","type-page","status-publish","hentry"],"acf":[],"_links":{"self":[{"href":"https:\/\/ontrain.pl\/de\/wp-json\/wp\/v2\/pages\/715","targetHints":{"allow":["GET"]}}],"collection":[{"href":"https:\/\/ontrain.pl\/de\/wp-json\/wp\/v2\/pages"}],"about":[{"href":"https:\/\/ontrain.pl\/de\/wp-json\/wp\/v2\/types\/page"}],"author":[{"embeddable":true,"href":"https:\/\/ontrain.pl\/de\/wp-json\/wp\/v2\/users\/1"}],"replies":[{"embeddable":true,"href":"https:\/\/ontrain.pl\/de\/wp-json\/wp\/v2\/comments?post=715"}],"version-history":[{"count":3,"href":"https:\/\/ontrain.pl\/de\/wp-json\/wp\/v2\/pages\/715\/revisions"}],"predecessor-version":[{"id":721,"href":"https:\/\/ontrain.pl\/de\/wp-json\/wp\/v2\/pages\/715\/revisions\/721"}],"wp:attachment":[{"href":"https:\/\/ontrain.pl\/de\/wp-json\/wp\/v2\/media?parent=715"}],"curies":[{"name":"wp","href":"https:\/\/api.w.org\/{rel}","templated":true}]}}